{"id":182,"date":"2025-06-23T03:26:44","date_gmt":"2025-06-23T03:26:44","guid":{"rendered":"https:\/\/lexzum.com\/?page_id=182"},"modified":"2025-10-07T19:58:38","modified_gmt":"2025-10-07T19:58:38","slug":"diego-zumarraga","status":"publish","type":"page","link":"https:\/\/lexzum.com\/en\/diego-zumarraga\/","title":{"rendered":"Diego Zum\u00e1rraga"},"content":{"rendered":"<div data-elementor-type=\"wp-page\" data-elementor-id=\"182\" class=\"elementor elementor-182\" data-elementor-post-type=\"page\">\n\t\t\t\t<div class=\"elementor-element elementor-element-6781e57 e-flex e-con-boxed e-con e-parent\" data-id=\"6781e57\" data-element_type=\"container\" data-e-type=\"container\">\n\t\t\t\t\t<div class=\"e-con-inner\">\n\t\t<div class=\"elementor-element elementor-element-1d10628 e-con-full e-flex e-con e-child\" data-id=\"1d10628\" data-element_type=\"container\" data-e-type=\"container\" data-settings=\"{&quot;background_background&quot;:&quot;classic&quot;}\">\n\t\t\t\t<div class=\"elementor-element elementor-element-a0e09ec elementor-widget elementor-widget-image\" data-id=\"a0e09ec\" data-element_type=\"widget\" data-e-type=\"widget\" data-widget_type=\"image.default\">\n\t\t\t\t<div class=\"elementor-widget-container\">\n\t\t\t\t\t\t\t\t\t\t\t\t\t\t\t<img fetchpriority=\"high\" decoding=\"async\" width=\"600\" height=\"840\" src=\"https:\/\/lexzum.com\/wp-content\/uploads\/2025\/07\/Diego-Zumarraga.png\" class=\"attachment-large size-large wp-image-586\" alt=\"\" srcset=\"https:\/\/lexzum.com\/wp-content\/uploads\/2025\/07\/Diego-Zumarraga.png 600w, https:\/\/lexzum.com\/wp-content\/uploads\/2025\/07\/Diego-Zumarraga-214x300.png 214w\" sizes=\"(max-width: 600px) 100vw, 600px\" \/>\t\t\t\t\t\t\t\t\t\t\t\t\t\t\t<\/div>\n\t\t\t\t<\/div>\n\t\t\t\t<div class=\"elementor-element elementor-element-2dfe7b5 elementor-widget elementor-widget-heading\" data-id=\"2dfe7b5\" data-element_type=\"widget\" data-e-type=\"widget\" data-widget_type=\"heading.default\">\n\t\t\t\t<div class=\"elementor-widget-container\">\n\t\t\t\t\t<h2 class=\"elementor-heading-title elementor-size-default\">Dr. Diego Zum\u00e1rraga Ruales<\/h2>\t\t\t\t<\/div>\n\t\t\t\t<\/div>\n\t\t\t\t<div class=\"elementor-element elementor-element-58170c1 elementor-icon-list--layout-traditional elementor-list-item-link-full_width elementor-widget elementor-widget-icon-list\" data-id=\"58170c1\" data-element_type=\"widget\" data-e-type=\"widget\" data-widget_type=\"icon-list.default\">\n\t\t\t\t<div class=\"elementor-widget-container\">\n\t\t\t\t\t\t\t<ul class=\"elementor-icon-list-items\">\n\t\t\t\t\t\t\t<li class=\"elementor-icon-list-item\">\n\t\t\t\t\t\t\t\t\t\t<span class=\"elementor-icon-list-text\">Partner<\/span>\n\t\t\t\t\t\t\t\t\t<\/li>\n\t\t\t\t\t\t<\/ul>\n\t\t\t\t\t\t<\/div>\n\t\t\t\t<\/div>\n\t\t\t\t<div class=\"elementor-element elementor-element-5c1a8ac elementor-widget-divider--view-line elementor-widget elementor-widget-divider\" data-id=\"5c1a8ac\" data-element_type=\"widget\" data-e-type=\"widget\" data-widget_type=\"divider.default\">\n\t\t\t\t<div class=\"elementor-widget-container\">\n\t\t\t\t\t\t\t<div class=\"elementor-divider\">\n\t\t\t<span class=\"elementor-divider-separator\">\n\t\t\t\t\t\t<\/span>\n\t\t<\/div>\n\t\t\t\t\t\t<\/div>\n\t\t\t\t<\/div>\n\t\t\t\t<div class=\"elementor-element elementor-element-e91cfdc elementor-icon-list--layout-traditional elementor-list-item-link-full_width elementor-widget elementor-widget-icon-list\" data-id=\"e91cfdc\" data-element_type=\"widget\" data-e-type=\"widget\" data-widget_type=\"icon-list.default\">\n\t\t\t\t<div class=\"elementor-widget-container\">\n\t\t\t\t\t\t\t<ul class=\"elementor-icon-list-items\">\n\t\t\t\t\t\t\t<li class=\"elementor-icon-list-item\">\n\t\t\t\t\t\t\t\t\t\t\t<a href=\"mailto:d.zum\u00e1rraga@lexzum.com\">\n\n\t\t\t\t\t\t\t\t\t\t\t\t<span class=\"elementor-icon-list-icon\">\n\t\t\t\t\t\t\t<svg aria-hidden=\"true\" class=\"e-font-icon-svg e-fas-mail-bulk\" viewbox=\"0 0 576 512\" xmlns=\"http:\/\/www.w3.org\/2000\/svg\"><path d=\"M160 448c-25.6 0-51.2-22.4-64-32-64-44.8-83.2-60.8-96-70.4V480c0 17.67 14.33 32 32 32h256c17.67 0 32-14.33 32-32V345.6c-12.8 9.6-32 25.6-96 70.4-12.8 9.6-38.4 32-64 32zm128-192H32c-17.67 0-32 14.33-32 32v16c25.6 19.2 22.4 19.2 115.2 86.4 9.6 6.4 28.8 25.6 44.8 25.6s35.2-19.2 44.8-22.4c92.8-67.2 89.6-67.2 115.2-86.4V288c0-17.67-14.33-32-32-32zm256-96H224c-17.67 0-32 14.33-32 32v32h96c33.21 0 60.59 25.42 63.71 57.82l.29-.22V416h192c17.67 0 32-14.33 32-32V192c0-17.67-14.33-32-32-32zm-32 128h-64v-64h64v64zm-352-96c0-35.29 28.71-64 64-64h224V32c0-17.67-14.33-32-32-32H96C78.33 0 64 14.33 64 32v192h96v-32z\"><\/path><\/svg>\t\t\t\t\t\t<\/span>\n\t\t\t\t\t\t\t\t\t\t<span class=\"elementor-icon-list-text\">d.zumarraga@lexzum.com<\/span>\n\t\t\t\t\t\t\t\t\t\t\t<\/a>\n\t\t\t\t\t\t\t\t\t<\/li>\n\t\t\t\t\t\t\t\t<li class=\"elementor-icon-list-item\">\n\t\t\t\t\t\t\t\t\t\t\t<a href=\"https:\/\/wa.link\/vl7bxl\">\n\n\t\t\t\t\t\t\t\t\t\t\t\t<span class=\"elementor-icon-list-icon\">\n\t\t\t\t\t\t\t<svg aria-hidden=\"true\" class=\"e-font-icon-svg e-fab-whatsapp-square\" viewbox=\"0 0 448 512\" xmlns=\"http:\/\/www.w3.org\/2000\/svg\"><path d=\"M224 122.8c-72.7 0-131.8 59.1-131.9 131.8 0 24.9 7 49.2 20.2 70.1l3.1 5-13.3 48.6 49.9-13.1 4.8 2.9c20.2 12 43.4 18.4 67.1 18.4h.1c72.6 0 133.3-59.1 133.3-131.8 0-35.2-15.2-68.3-40.1-93.2-25-25-58-38.7-93.2-38.7zm77.5 188.4c-3.3 9.3-19.1 17.7-26.7 18.8-12.6 1.9-22.4.9-47.5-9.9-39.7-17.2-65.7-57.2-67.7-59.8-2-2.6-16.2-21.5-16.2-41s10.2-29.1 13.9-33.1c3.6-4 7.9-5 10.6-5 2.6 0 5.3 0 7.6.1 2.4.1 5.7-.9 8.9 6.8 3.3 7.9 11.2 27.4 12.2 29.4s1.7 4.3.3 6.9c-7.6 15.2-15.7 14.6-11.6 21.6 15.3 26.3 30.6 35.4 53.9 47.1 4 2 6.3 1.7 8.6-1 2.3-2.6 9.9-11.6 12.5-15.5 2.6-4 5.3-3.3 8.9-2 3.6 1.3 23.1 10.9 27.1 12.9s6.6 3 7.6 4.6c.9 1.9.9 9.9-2.4 19.1zM400 32H48C21.5 32 0 53.5 0 80v352c0 26.5 21.5 48 48 48h352c26.5 0 48-21.5 48-48V80c0-26.5-21.5-48-48-48zM223.9 413.2c-26.6 0-52.7-6.7-75.8-19.3L64 416l22.5-82.2c-13.9-24-21.2-51.3-21.2-79.3C65.4 167.1 136.5 96 223.9 96c42.4 0 82.2 16.5 112.2 46.5 29.9 30 47.9 69.8 47.9 112.2 0 87.4-72.7 158.5-160.1 158.5z\"><\/path><\/svg>\t\t\t\t\t\t<\/span>\n\t\t\t\t\t\t\t\t\t\t<span class=\"elementor-icon-list-text\">\u202d+593 99 565 0048\u202c<\/span>\n\t\t\t\t\t\t\t\t\t\t\t<\/a>\n\t\t\t\t\t\t\t\t\t<\/li>\n\t\t\t\t\t\t\t\t<li class=\"elementor-icon-list-item\">\n\t\t\t\t\t\t\t\t\t\t\t<span class=\"elementor-icon-list-icon\">\n\t\t\t\t\t\t\t<svg aria-hidden=\"true\" class=\"e-font-icon-svg e-fas-home\" viewbox=\"0 0 576 512\" xmlns=\"http:\/\/www.w3.org\/2000\/svg\"><path d=\"M280.37 148.26L96 300.11V464a16 16 0 0 0 16 16l112.06-.29a16 16 0 0 0 15.92-16V368a16 16 0 0 1 16-16h64a16 16 0 0 1 16 16v95.64a16 16 0 0 0 16 16.05L464 480a16 16 0 0 0 16-16V300L295.67 148.26a12.19 12.19 0 0 0-15.3 0zM571.6 251.47L488 182.56V44.05a12 12 0 0 0-12-12h-56a12 12 0 0 0-12 12v72.61L318.47 43a48 48 0 0 0-61 0L4.34 251.47a12 12 0 0 0-1.6 16.9l25.5 31A12 12 0 0 0 45.15 301l235.22-193.74a12.19 12.19 0 0 1 15.3 0L530.9 301a12 12 0 0 0 16.9-1.6l25.5-31a12 12 0 0 0-1.7-16.93z\"><\/path><\/svg>\t\t\t\t\t\t<\/span>\n\t\t\t\t\t\t\t\t\t\t<span class=\"elementor-icon-list-text\">Quito - Ecuador<\/span>\n\t\t\t\t\t\t\t\t\t<\/li>\n\t\t\t\t\t\t\t\t<li class=\"elementor-icon-list-item\">\n\t\t\t\t\t\t\t\t\t\t\t<a href=\"https:\/\/www.linkedin.com\/in\/diego-zum\u00e1rraga-ruales-497b1125\/\">\n\n\t\t\t\t\t\t\t\t\t\t\t\t<span class=\"elementor-icon-list-icon\">\n\t\t\t\t\t\t\t<svg aria-hidden=\"true\" class=\"e-font-icon-svg e-fab-linkedin\" viewbox=\"0 0 448 512\" xmlns=\"http:\/\/www.w3.org\/2000\/svg\"><path d=\"M416 32H31.9C14.3 32 0 46.5 0 64.3v383.4C0 465.5 14.3 480 31.9 480H416c17.6 0 32-14.5 32-32.3V64.3c0-17.8-14.4-32.3-32-32.3zM135.4 416H69V202.2h66.5V416zm-33.2-243c-21.3 0-38.5-17.3-38.5-38.5S80.9 96 102.2 96c21.2 0 38.5 17.3 38.5 38.5 0 21.3-17.2 38.5-38.5 38.5zm282.1 243h-66.4V312c0-24.8-.5-56.7-34.5-56.7-34.6 0-39.9 27-39.9 54.9V416h-66.4V202.2h63.7v29.2h.9c8.9-16.8 30.6-34.5 62.9-34.5 67.2 0 79.7 44.3 79.7 101.9V416z\"><\/path><\/svg>\t\t\t\t\t\t<\/span>\n\t\t\t\t\t\t\t\t\t\t<span class=\"elementor-icon-list-text\">LinkedIn<\/span>\n\t\t\t\t\t\t\t\t\t\t\t<\/a>\n\t\t\t\t\t\t\t\t\t<\/li>\n\t\t\t\t\t\t<\/ul>\n\t\t\t\t\t\t<\/div>\n\t\t\t\t<\/div>\n\t\t\t\t<\/div>\n\t\t<div class=\"elementor-element elementor-element-29771a2 e-con-full e-flex e-con e-child\" data-id=\"29771a2\" data-element_type=\"container\" data-e-type=\"container\">\n\t\t\t\t<div class=\"elementor-element elementor-element-8a7527d elementor-widget elementor-widget-heading\" data-id=\"8a7527d\" data-element_type=\"widget\" data-e-type=\"widget\" data-widget_type=\"heading.default\">\n\t\t\t\t<div class=\"elementor-widget-container\">\n\t\t\t\t\t<h2 class=\"elementor-heading-title elementor-size-default\">\"Experto en derecho p\u00fablico, asesor\u00eda corporativa, resoluci\u00f3n alternativa de conflictos y litigios\".<\/h2>\t\t\t\t<\/div>\n\t\t\t\t<\/div>\n\t\t<div class=\"elementor-element elementor-element-6321a4a e-con-full e-flex e-con e-child\" data-id=\"6321a4a\" data-element_type=\"container\" data-e-type=\"container\" data-settings=\"{&quot;background_background&quot;:&quot;classic&quot;}\">\n\t\t<div class=\"elementor-element elementor-element-43fe6d5 e-con-full e-flex e-con e-child\" data-id=\"43fe6d5\" data-element_type=\"container\" data-e-type=\"container\" data-settings=\"{&quot;background_background&quot;:&quot;classic&quot;}\">\n\t\t\t\t<div class=\"elementor-element elementor-element-72b37df elementor-widget elementor-widget-heading\" data-id=\"72b37df\" data-element_type=\"widget\" data-e-type=\"widget\" data-widget_type=\"heading.default\">\n\t\t\t\t<div class=\"elementor-widget-container\">\n\t\t\t\t\t<h2 class=\"elementor-heading-title elementor-size-default\">Formaci\u00f3n acad\u00e9mica y enfoque jur\u00eddico<\/h2>\t\t\t\t<\/div>\n\t\t\t\t<\/div>\n\t\t\t\t<\/div>\n\t\t\t\t<div class=\"elementor-element elementor-element-b4bfac4 elementor-widget elementor-widget-text-editor\" data-id=\"b4bfac4\" data-element_type=\"widget\" data-e-type=\"widget\" data-widget_type=\"text-editor.default\">\n\t\t\t\t<div class=\"elementor-widget-container\">\n\t\t\t\t\t\t\t\t\t<p>Diego es Doctor en Jurisprudencia por la Universidad Central del Ecuador, con una maestr\u00eda en Derecho Internacional Econ\u00f3mico por la Universidad Andina Sim\u00f3n Bol\u00edvar y estudios en liderazgo pol\u00edtico y gesti\u00f3n social en la Universidad Carlos III de Madrid. Tambi\u00e9n cuenta con formaci\u00f3n en mediaci\u00f3n por la Universidad Internacional del Ecuador, lo que refuerza una visi\u00f3n integral y estrat\u00e9gica del derecho en entornos din\u00e1micos y complejos.<\/p>\t\t\t\t\t\t\t\t<\/div>\n\t\t\t\t<\/div>\n\t\t<div class=\"elementor-element elementor-element-bfbe713 e-con-full e-flex e-con e-child\" data-id=\"bfbe713\" data-element_type=\"container\" data-e-type=\"container\" data-settings=\"{&quot;background_background&quot;:&quot;classic&quot;}\">\n\t\t\t\t<div class=\"elementor-element elementor-element-9010a53 elementor-widget elementor-widget-heading\" data-id=\"9010a53\" data-element_type=\"widget\" data-e-type=\"widget\" data-widget_type=\"heading.default\">\n\t\t\t\t<div class=\"elementor-widget-container\">\n\t\t\t\t\t<h2 class=\"elementor-heading-title elementor-size-default\">Experiencia en el sector p\u00fablico y privado<\/h2>\t\t\t\t<\/div>\n\t\t\t\t<\/div>\n\t\t\t\t<\/div>\n\t\t\t\t<div class=\"elementor-element elementor-element-75ebf84 elementor-widget elementor-widget-text-editor\" data-id=\"75ebf84\" data-element_type=\"widget\" data-e-type=\"widget\" data-widget_type=\"text-editor.default\">\n\t\t\t\t<div class=\"elementor-widget-container\">\n\t\t\t\t\t\t\t\t\t<p>A lo largo de m\u00e1s de treinta a\u00f1os, ha ocupado cargos estrat\u00e9gicos en el sector legal y judicial ecuatoriano, resaltando su desempe\u00f1o como Coordinador Jur\u00eddico en la Corte Nacional de Justicia y como asesor jur\u00eddico en los ministerios de Educaci\u00f3n y Salud, as\u00ed como en el Municipio del Distrito Metropolitano de Quito y Santa Cruz, habiendo sido designado como delegado del Ministro de Educaci\u00f3n ante el Consejo de Educaci\u00f3n Superior -CES-. Adem\u00e1s fue docente en la facultad de Derecho en la UDLA y es mediador certificado, admitido en el Centro Nacional de Mediaci\u00f3n y Arbitraje \u2013CENAMACO\u2013. Ha dirigido \u00e1reas jur\u00eddicas en entidades como la Corporaci\u00f3n Nacional de Finanzas Populares. Ha intervenido como asesor legal corporativo en Holding DINE, Cobiscorp S.A. y Pacifictel S.A., y ha participado en la gesti\u00f3n legal de proyectos financiados por el BID.<\/p>\t\t\t\t\t\t\t\t<\/div>\n\t\t\t\t<\/div>\n\t\t<div class=\"elementor-element elementor-element-b309cd1 e-con-full e-flex e-con e-child\" data-id=\"b309cd1\" data-element_type=\"container\" data-e-type=\"container\" data-settings=\"{&quot;background_background&quot;:&quot;classic&quot;}\">\n\t\t\t\t<div class=\"elementor-element elementor-element-f9264d1 elementor-widget elementor-widget-heading\" data-id=\"f9264d1\" data-element_type=\"widget\" data-e-type=\"widget\" data-widget_type=\"heading.default\">\n\t\t\t\t<div class=\"elementor-widget-container\">\n\t\t\t\t\t<h2 class=\"elementor-heading-title elementor-size-default\">\u00c1reas de especializaci\u00f3n y liderazgo en LEXZUM<\/h2>\t\t\t\t<\/div>\n\t\t\t\t<\/div>\n\t\t\t\t<\/div>\n\t\t\t\t<div class=\"elementor-element elementor-element-302c183 elementor-widget elementor-widget-text-editor\" data-id=\"302c183\" data-element_type=\"widget\" data-e-type=\"widget\" data-widget_type=\"text-editor.default\">\n\t\t\t\t<div class=\"elementor-widget-container\">\n\t\t\t\t\t\t\t\t\t<p>Actualmente, lidera las pr\u00e1cticas de derecho p\u00fablico, asesor\u00eda corporativa, resoluci\u00f3n alternativa de conflictos y litigios en LEXZUM abogados. Su visi\u00f3n y s\u00f3lida formaci\u00f3n jur\u00eddica, alto nivel de competencias y habilidad para alinear estrategias y generar soluciones, lo convierten en un profesional legal clave para empresas, entidades p\u00fablicas e inversionistas que requieren seriedad, seguridad jur\u00eddica, cumplimiento y eficiencia en cada proyecto.<\/p>\t\t\t\t\t\t\t\t<\/div>\n\t\t\t\t<\/div>\n\t\t\t\t<\/div>\n\t\t\t\t<\/div>\n\t\t\t\t\t<\/div>\n\t\t\t\t<\/div>\n\t\t<div class=\"elementor-element elementor-element-4f68b2b e-flex e-con-boxed e-con e-parent\" data-id=\"4f68b2b\" data-element_type=\"container\" data-e-type=\"container\" data-settings=\"{&quot;background_background&quot;:&quot;classic&quot;}\">\n\t\t\t\t\t<div class=\"e-con-inner\">\n\t\t<div class=\"elementor-element elementor-element-8c36649 e-con-full e-flex e-con e-child\" data-id=\"8c36649\" data-element_type=\"container\" data-e-type=\"container\">\n\t\t\t\t<\/div>\n\t\t<div class=\"elementor-element elementor-element-5bd072d e-con-full e-flex e-con e-child\" data-id=\"5bd072d\" data-element_type=\"container\" data-e-type=\"container\">\n\t\t<div class=\"elementor-element elementor-element-9c6a47b e-con-full e-flex e-con e-child\" data-id=\"9c6a47b\" data-element_type=\"container\" data-e-type=\"container\">\n\t\t\t\t<\/div>\n\t\t\t\t<\/div>\n\t\t\t\t\t<\/div>\n\t\t\t\t<\/div>\n\t\t<div class=\"elementor-element elementor-element-ef0f24c e-flex e-con-boxed e-con e-parent\" data-id=\"ef0f24c\" data-element_type=\"container\" data-e-type=\"container\" data-settings=\"{&quot;background_background&quot;:&quot;classic&quot;}\">\n\t\t\t\t\t<div class=\"e-con-inner\">\n\t\t\t\t\t<\/div>\n\t\t\t\t<\/div>\n\t\t\t\t<\/div>","protected":false},"excerpt":{"rendered":"<p>Dr. Diego Zum\u00e1rraga Ruales Socio d.zumarraga@lexzum.com \u202d+593 99 565 0048\u202c Quito &#8211; Ecuador LinkedIn \u00abExperto en derecho p\u00fablico, asesor\u00eda corporativa, [&hellip;]<\/p>\n","protected":false},"author":1,"featured_media":0,"parent":0,"menu_order":0,"comment_status":"closed","ping_status":"closed","template":"","meta":{"site-sidebar-layout":"no-sidebar","site-content-layout":"","ast-site-content-layout":"full-width-container","site-content-style":"default","site-sidebar-style":"default","ast-global-header-display":"","ast-banner-title-visibility":"","ast-main-header-display":"","ast-hfb-above-header-display":"","ast-hfb-below-header-display":"","ast-hfb-mobile-header-display":"","site-post-title":"disabled","ast-breadcrumbs-content":"","ast-featured-img":"disabled","footer-sml-layout":"","ast-disable-related-posts":"","theme-transparent-header-meta":"","adv-header-id-meta":"","stick-header-meta":"","header-above-stick-meta":"","header-main-stick-meta":"","header-below-stick-meta":"","astra-migrate-meta-layouts":"default","ast-page-background-enabled":"default","ast-page-background-meta":{"desktop":{"background-color":"var(--ast-global-color-5)","background-image":"","background-repeat":"repeat","background-position":"center center","background-size":"auto","background-attachment":"scroll","background-type":"","background-media":"","overlay-type":"","overlay-color":"","overlay-opacity":"","overlay-gradient":""},"tablet":{"background-color":"","background-image":"","background-repeat":"repeat","background-position":"center center","background-size":"auto","background-attachment":"scroll","background-type":"","background-media":"","overlay-type":"","overlay-color":"","overlay-opacity":"","overlay-gradient":""},"mobile":{"background-color":"","background-image":"","background-repeat":"repeat","background-position":"center center","background-size":"auto","background-attachment":"scroll","background-type":"","background-media":"","overlay-type":"","overlay-color":"","overlay-opacity":"","overlay-gradient":""}},"ast-content-background-meta":{"desktop":{"background-color":"var(--ast-global-color-4)","background-image":"","background-repeat":"repeat","background-position":"center center","background-size":"auto","background-attachment":"scroll","background-type":"","background-media":"","overlay-type":"","overlay-color":"","overlay-opacity":"","overlay-gradient":""},"tablet":{"background-color":"var(--ast-global-color-4)","background-image":"","background-repeat":"repeat","background-position":"center center","background-size":"auto","background-attachment":"scroll","background-type":"","background-media":"","overlay-type":"","overlay-color":"","overlay-opacity":"","overlay-gradient":""},"mobile":{"background-color":"var(--ast-global-color-4)","background-image":"","background-repeat":"repeat","background-position":"center center","background-size":"auto","background-attachment":"scroll","background-type":"","background-media":"","overlay-type":"","overlay-color":"","overlay-opacity":"","overlay-gradient":""}},"footnotes":""},"class_list":["post-182","page","type-page","status-publish","hentry"],"yoast_head":"<!-- This site is optimized with the Yoast SEO plugin v27.5 - https:\/\/yoast.com\/product\/yoast-seo-wordpress\/ -->\n<title>Diego Zum\u00e1rraga - Lexzum<\/title>\n<meta name=\"robots\" content=\"index, follow, max-snippet:-1, max-image-preview:large, max-video-preview:-1\" \/>\n<link rel=\"canonical\" href=\"https:\/\/lexzum.com\/en\/diego-zumarraga\/\" \/>\n<meta property=\"og:locale\" content=\"en_US\" \/>\n<meta property=\"og:type\" content=\"article\" \/>\n<meta property=\"og:title\" content=\"Diego Zum\u00e1rraga - Lexzum\" \/>\n<meta property=\"og:description\" content=\"Dr. Diego Zum\u00e1rraga Ruales Socio d.zumarraga@lexzum.com \u202d+593 99 565 0048\u202c Quito &#8211; Ecuador LinkedIn \u00abExperto en derecho p\u00fablico, asesor\u00eda corporativa, [&hellip;]\" \/>\n<meta property=\"og:url\" content=\"https:\/\/lexzum.com\/en\/diego-zumarraga\/\" \/>\n<meta property=\"og:site_name\" content=\"Lexzum\" \/>\n<meta property=\"article:modified_time\" content=\"2025-10-07T19:58:38+00:00\" \/>\n<meta property=\"og:image\" content=\"https:\/\/lexzum.com\/wp-content\/uploads\/2025\/07\/Diego-Zumarraga.png\" \/>\n\t<meta property=\"og:image:width\" content=\"600\" \/>\n\t<meta property=\"og:image:height\" content=\"840\" \/>\n\t<meta property=\"og:image:type\" content=\"image\/png\" \/>\n<meta name=\"twitter:card\" content=\"summary_large_image\" \/>\n<meta name=\"twitter:label1\" content=\"Est. reading time\" \/>\n\t<meta name=\"twitter:data1\" content=\"2 minutes\" \/>\n<script type=\"application\/ld+json\" class=\"yoast-schema-graph\">{\"@context\":\"https:\\\/\\\/schema.org\",\"@graph\":[{\"@type\":\"WebPage\",\"@id\":\"https:\\\/\\\/lexzum.com\\\/diego-zumarraga\\\/\",\"url\":\"https:\\\/\\\/lexzum.com\\\/diego-zumarraga\\\/\",\"name\":\"Diego Zum\u00e1rraga - Lexzum\",\"isPartOf\":{\"@id\":\"https:\\\/\\\/lexzum.com\\\/#website\"},\"primaryImageOfPage\":{\"@id\":\"https:\\\/\\\/lexzum.com\\\/diego-zumarraga\\\/#primaryimage\"},\"image\":{\"@id\":\"https:\\\/\\\/lexzum.com\\\/diego-zumarraga\\\/#primaryimage\"},\"thumbnailUrl\":\"https:\\\/\\\/lexzum.com\\\/wp-content\\\/uploads\\\/2025\\\/07\\\/Diego-Zumarraga.png\",\"datePublished\":\"2025-06-23T03:26:44+00:00\",\"dateModified\":\"2025-10-07T19:58:38+00:00\",\"breadcrumb\":{\"@id\":\"https:\\\/\\\/lexzum.com\\\/diego-zumarraga\\\/#breadcrumb\"},\"inLanguage\":\"en-US\",\"potentialAction\":[{\"@type\":\"ReadAction\",\"target\":[\"https:\\\/\\\/lexzum.com\\\/diego-zumarraga\\\/\"]}]},{\"@type\":\"ImageObject\",\"inLanguage\":\"en-US\",\"@id\":\"https:\\\/\\\/lexzum.com\\\/diego-zumarraga\\\/#primaryimage\",\"url\":\"https:\\\/\\\/lexzum.com\\\/wp-content\\\/uploads\\\/2025\\\/07\\\/Diego-Zumarraga.png\",\"contentUrl\":\"https:\\\/\\\/lexzum.com\\\/wp-content\\\/uploads\\\/2025\\\/07\\\/Diego-Zumarraga.png\"},{\"@type\":\"BreadcrumbList\",\"@id\":\"https:\\\/\\\/lexzum.com\\\/diego-zumarraga\\\/#breadcrumb\",\"itemListElement\":[{\"@type\":\"ListItem\",\"position\":1,\"name\":\"Home\",\"item\":\"https:\\\/\\\/lexzum.com\\\/\"},{\"@type\":\"ListItem\",\"position\":2,\"name\":\"Diego Zum\u00e1rraga\"}]},{\"@type\":\"WebSite\",\"@id\":\"https:\\\/\\\/lexzum.com\\\/#website\",\"url\":\"https:\\\/\\\/lexzum.com\\\/\",\"name\":\"LEXZUM\",\"description\":\"Law Firm Boutique\",\"publisher\":{\"@id\":\"https:\\\/\\\/lexzum.com\\\/#organization\"},\"potentialAction\":[{\"@type\":\"SearchAction\",\"target\":{\"@type\":\"EntryPoint\",\"urlTemplate\":\"https:\\\/\\\/lexzum.com\\\/?s={search_term_string}\"},\"query-input\":{\"@type\":\"PropertyValueSpecification\",\"valueRequired\":true,\"valueName\":\"search_term_string\"}}],\"inLanguage\":\"en-US\"},{\"@type\":\"Organization\",\"@id\":\"https:\\\/\\\/lexzum.com\\\/#organization\",\"name\":\"Lexzum\",\"url\":\"https:\\\/\\\/lexzum.com\\\/\",\"logo\":{\"@type\":\"ImageObject\",\"inLanguage\":\"en-US\",\"@id\":\"https:\\\/\\\/lexzum.com\\\/#\\\/schema\\\/logo\\\/image\\\/\",\"url\":\"https:\\\/\\\/lexzum.com\\\/wp-content\\\/uploads\\\/2025\\\/06\\\/iso-LEXZUM-1.png\",\"contentUrl\":\"https:\\\/\\\/lexzum.com\\\/wp-content\\\/uploads\\\/2025\\\/06\\\/iso-LEXZUM-1.png\",\"width\":361,\"height\":375,\"caption\":\"Lexzum\"},\"image\":{\"@id\":\"https:\\\/\\\/lexzum.com\\\/#\\\/schema\\\/logo\\\/image\\\/\"},\"sameAs\":[\"https:\\\/\\\/www.linkedin.com\\\/company\\\/lexzum\\\/\"]}]}<\/script>\n<!-- \/ Yoast SEO plugin. -->","yoast_head_json":{"title":"Diego Zum\u00e1rraga - Lexzum","robots":{"index":"index","follow":"follow","max-snippet":"max-snippet:-1","max-image-preview":"max-image-preview:large","max-video-preview":"max-video-preview:-1"},"canonical":"https:\/\/lexzum.com\/en\/diego-zumarraga\/","og_locale":"en_US","og_type":"article","og_title":"Diego Zum\u00e1rraga - Lexzum","og_description":"Dr. Diego Zum\u00e1rraga Ruales Socio d.zumarraga@lexzum.com \u202d+593 99 565 0048\u202c Quito &#8211; Ecuador LinkedIn \u00abExperto en derecho p\u00fablico, asesor\u00eda corporativa, [&hellip;]","og_url":"https:\/\/lexzum.com\/en\/diego-zumarraga\/","og_site_name":"Lexzum","article_modified_time":"2025-10-07T19:58:38+00:00","og_image":[{"width":600,"height":840,"url":"https:\/\/lexzum.com\/wp-content\/uploads\/2025\/07\/Diego-Zumarraga.png","type":"image\/png"}],"twitter_card":"summary_large_image","twitter_misc":{"Est. reading time":"2 minutes"},"schema":{"@context":"https:\/\/schema.org","@graph":[{"@type":"WebPage","@id":"https:\/\/lexzum.com\/diego-zumarraga\/","url":"https:\/\/lexzum.com\/diego-zumarraga\/","name":"Diego Zum\u00e1rraga - Lexzum","isPartOf":{"@id":"https:\/\/lexzum.com\/#website"},"primaryImageOfPage":{"@id":"https:\/\/lexzum.com\/diego-zumarraga\/#primaryimage"},"image":{"@id":"https:\/\/lexzum.com\/diego-zumarraga\/#primaryimage"},"thumbnailUrl":"https:\/\/lexzum.com\/wp-content\/uploads\/2025\/07\/Diego-Zumarraga.png","datePublished":"2025-06-23T03:26:44+00:00","dateModified":"2025-10-07T19:58:38+00:00","breadcrumb":{"@id":"https:\/\/lexzum.com\/diego-zumarraga\/#breadcrumb"},"inLanguage":"en-US","potentialAction":[{"@type":"ReadAction","target":["https:\/\/lexzum.com\/diego-zumarraga\/"]}]},{"@type":"ImageObject","inLanguage":"en-US","@id":"https:\/\/lexzum.com\/diego-zumarraga\/#primaryimage","url":"https:\/\/lexzum.com\/wp-content\/uploads\/2025\/07\/Diego-Zumarraga.png","contentUrl":"https:\/\/lexzum.com\/wp-content\/uploads\/2025\/07\/Diego-Zumarraga.png"},{"@type":"BreadcrumbList","@id":"https:\/\/lexzum.com\/diego-zumarraga\/#breadcrumb","itemListElement":[{"@type":"ListItem","position":1,"name":"Home","item":"https:\/\/lexzum.com\/"},{"@type":"ListItem","position":2,"name":"Diego Zum\u00e1rraga"}]},{"@type":"WebSite","@id":"https:\/\/lexzum.com\/#website","url":"https:\/\/lexzum.com\/","name":"LEXZUM","description":"Law Firm Boutique","publisher":{"@id":"https:\/\/lexzum.com\/#organization"},"potentialAction":[{"@type":"SearchAction","target":{"@type":"EntryPoint","urlTemplate":"https:\/\/lexzum.com\/?s={search_term_string}"},"query-input":{"@type":"PropertyValueSpecification","valueRequired":true,"valueName":"search_term_string"}}],"inLanguage":"en-US"},{"@type":"Organization","@id":"https:\/\/lexzum.com\/#organization","name":"Lexzum","url":"https:\/\/lexzum.com\/","logo":{"@type":"ImageObject","inLanguage":"en-US","@id":"https:\/\/lexzum.com\/#\/schema\/logo\/image\/","url":"https:\/\/lexzum.com\/wp-content\/uploads\/2025\/06\/iso-LEXZUM-1.png","contentUrl":"https:\/\/lexzum.com\/wp-content\/uploads\/2025\/06\/iso-LEXZUM-1.png","width":361,"height":375,"caption":"Lexzum"},"image":{"@id":"https:\/\/lexzum.com\/#\/schema\/logo\/image\/"},"sameAs":["https:\/\/www.linkedin.com\/company\/lexzum\/"]}]}},"_links":{"self":[{"href":"https:\/\/lexzum.com\/en\/wp-json\/wp\/v2\/pages\/182","targetHints":{"allow":["GET"]}}],"collection":[{"href":"https:\/\/lexzum.com\/en\/wp-json\/wp\/v2\/pages"}],"about":[{"href":"https:\/\/lexzum.com\/en\/wp-json\/wp\/v2\/types\/page"}],"author":[{"embeddable":true,"href":"https:\/\/lexzum.com\/en\/wp-json\/wp\/v2\/users\/1"}],"replies":[{"embeddable":true,"href":"https:\/\/lexzum.com\/en\/wp-json\/wp\/v2\/comments?post=182"}],"version-history":[{"count":43,"href":"https:\/\/lexzum.com\/en\/wp-json\/wp\/v2\/pages\/182\/revisions"}],"predecessor-version":[{"id":690,"href":"https:\/\/lexzum.com\/en\/wp-json\/wp\/v2\/pages\/182\/revisions\/690"}],"wp:attachment":[{"href":"https:\/\/lexzum.com\/en\/wp-json\/wp\/v2\/media?parent=182"}],"curies":[{"name":"wp","href":"https:\/\/api.w.org\/{rel}","templated":true}]}}